{"id":14542,"date":"2026-03-26T06:35:46","date_gmt":"2026-03-26T06:35:46","guid":{"rendered":"https:\/\/uniqueplace.shop\/?post_type=product&#038;p=14542"},"modified":"2026-03-26T06:47:09","modified_gmt":"2026-03-26T06:47:09","slug":"chunky-flavour-geschmackspulver-zum-susen-zuckersparen","status":"publish","type":"product","link":"https:\/\/uniqueplace.shop\/de\/produkt\/chunky-flavour-geschmackspulver-zum-susen-zuckersparen\/","title":{"rendered":"Chunky Flavour - Geschmackspulver zum S\u00fc\u00dfen &amp; Zuckersparen"},"content":{"rendered":"<div data-elementor-type=\"product-post\" data-elementor-id=\"14542\" class=\"elementor elementor-14542\" data-elementor-post-type=\"product\">\n\t\t\t\t<div class=\"elementor-element elementor-element-1f04951a e-flex e-con-boxed e-con e-parent\" data-id=\"1f04951a\" data-element_type=\"container\" data-settings=\"{&quot;ekit_has_onepagescroll_dot&quot;:&quot;yes&quot;}\">\n\t\t\t\t\t<div class=\"e-con-inner\">\n\t\t<div class=\"elementor-element elementor-element-4eddb137 e-grid e-con-full e-con e-child\" data-id=\"4eddb137\" data-element_type=\"container\" data-settings=\"{&quot;ekit_has_onepagescroll_dot&quot;:&quot;yes&quot;}\">\n\t\t\t\t<div class=\"elementor-element elementor-element-643f20dd elementor-widget elementor-widget-video\" data-id=\"643f20dd\" data-element_type=\"widget\" data-settings=\"{&quot;video_type&quot;:&quot;hosted&quot;,&quot;controls&quot;:&quot;yes&quot;,&quot;ekit_we_effect_on&quot;:&quot;none&quot;}\" data-widget_type=\"video.default\">\n\t\t\t\t<div class=\"elementor-widget-container\">\n\t\t\t\t\t\t\t<div class=\"e-hosted-video elementor-wrapper elementor-open-inline\">\n\t\t\t\t\t<video class=\"elementor-video\" src=\"https:\/\/uniqueplace.shop\/wp-content\/uploads\/2026\/03\/video_2026-03-25_22-09-55.mp4\" controls=\"\" preload=\"metadata\" controlslist=\"nodownload\"><\/video>\n\t\t\t\t<\/div>\n\t\t\t\t\t\t<\/div>\n\t\t\t\t<\/div>\n\t\t\t\t<div class=\"elementor-element elementor-element-352b0500 elementor-widget elementor-widget-text-editor\" data-id=\"352b0500\" data-element_type=\"widget\" data-settings=\"{&quot;ekit_we_effect_on&quot;:&quot;none&quot;}\" data-widget_type=\"text-editor.default\">\n\t\t\t\t<div class=\"elementor-widget-container\">\n\t\t\t\t\t\t\t\t\t<div class=\"elementor-widget-container\">\n\t\t\t\t\t\t\t\t\t# Produktdaten\n\n<div class=\"product-table\">\n  <div class=\"product-row\">\n    <div class=\"product-label\"><strong>Artikelangaben<\/strong><\/div>\n    <div class=\"product-value\"><\/div>\n  <\/div>\n  <div class=\"product-row\">\n    <div class=\"product-label\"><strong>Art der Di\u00e4t<\/strong><\/div>\n    <div class=\"product-value\"><strong>Vegetarisch<\/strong><\/div>\n  <\/div>\n  <div class=\"product-row\">\n    <div class=\"product-label\"><strong>Beh\u00e4ltertyp<\/strong><\/div>\n    <div class=\"product-value\"><strong>Dosis<\/strong><\/div>\n  <\/div>\n  <div class=\"product-row\">\n    <div class=\"product-label\"><strong>Geschmacksrichtung<\/strong><\/div>\n    <div class=\"product-value\"><strong>Vanille-Schoko-Chip-Keks<\/strong><\/div>\n  <\/div>\n  <div class=\"product-row\">\n    <div class=\"product-label\"><strong>Form des Artikels<\/strong><\/div>\n    <div class=\"product-value\"><strong>Pulver<\/strong><\/div>\n  <\/div>\n  <div class=\"product-row\">\n    <div class=\"product-label\"><strong>K\u00fcche<\/strong><\/div>\n    <div class=\"product-value\"><strong>Western<\/strong><\/div>\n  <\/div>\n  <div class=\"product-row\">\n    <div class=\"product-label\"><strong>Beschreibung der Altersgruppe<\/strong><\/div>\n    <div class=\"product-value\"><strong>erwachsener<\/strong><\/div>\n  <\/div>\n  <div class=\"product-row\">\n    <div class=\"product-label\"><strong>Informationen zu Allergenen<\/strong><\/div>\n    <div class=\"product-value\"><strong>Enth\u00e4lt: Kann Milchprodukte enthalten, Weizen<\/strong><\/div>\n  <\/div>\n<\/div>\n\n<style>\n.product-table {\n  width: 100%;\n  border-top: 1px solid #000;\n  font-family: Arial, sans-serif;\n}\n\n.product-row {\n  display: flex;\n  border-bottom: 1px solid #000;\n  padding: 12px 0;\n}\n\n.product-label {\n  flex: 1;\n  font-weight: bold;\n  min-width: 200px;\n  padding-right: 20px;\n}\n\n.product-value {\n  flex: 1;\n  min-width: 200px;\n}\n<\/style>\t\t\t\t\t\t\t\t<\/div>\n\t\t\t\t<\/div>\n\t\t\t\t<\/div>\n\t\t\t\t\t<\/div>\n\t\t\t\t<\/div>\n\t\t<div class=\"elementor-element elementor-element-6680eb1c e-flex e-con-boxed e-con e-parent\" data-id=\"6680eb1c\" data-element_type=\"container\" data-settings=\"{&quot;ekit_has_onepagescroll_dot&quot;:&quot;yes&quot;}\">\n\t\t\t\t\t<div class=\"e-con-inner\">\n\t\t\t\t<div class=\"elementor-element elementor-element-35af4520 elementor-widget elementor-widget-image\" data-id=\"35af4520\" data-element_type=\"widget\" data-settings=\"{&quot;ekit_we_effect_on&quot;:&quot;none&quot;}\" data-widget_type=\"image.default\">\n\t\t\t\t<div class=\"elementor-widget-container\">\n\t\t\t\t\t\t\t\t\t\t\t\t\t\t\t<img loading=\"lazy\" decoding=\"async\" width=\"1024\" height=\"437\" src=\"https:\/\/uniqueplace.shop\/wp-content\/uploads\/2026\/03\/6-15-1024x437.jpg\" class=\"attachment-large size-large wp-image-14563 wvs-archive-product-image\" alt=\"\" srcset=\"https:\/\/uniqueplace.shop\/wp-content\/uploads\/2026\/03\/6-15-1024x437.jpg 1024w, https:\/\/uniqueplace.shop\/wp-content\/uploads\/2026\/03\/6-15-300x128.jpg 300w, https:\/\/uniqueplace.shop\/wp-content\/uploads\/2026\/03\/6-15-768x328.jpg 768w, https:\/\/uniqueplace.shop\/wp-content\/uploads\/2026\/03\/6-15-18x8.jpg 18w, https:\/\/uniqueplace.shop\/wp-content\/uploads\/2026\/03\/6-15-600x256.jpg 600w, https:\/\/uniqueplace.shop\/wp-content\/uploads\/2026\/03\/6-15-1x1.jpg 1w, https:\/\/uniqueplace.shop\/wp-content\/uploads\/2026\/03\/6-15-10x4.jpg 10w, https:\/\/uniqueplace.shop\/wp-content\/uploads\/2026\/03\/6-15.jpg 1464w\" sizes=\"auto, (max-width: 1024px) 100vw, 1024px\" \/>\t\t\t\t\t\t\t\t\t\t\t\t\t\t\t<\/div>\n\t\t\t\t<\/div>\n\t\t\t\t\t<\/div>\n\t\t\t\t<\/div>\n\t\t<div class=\"elementor-element elementor-element-28a17797 e-flex e-con-boxed e-con e-parent\" data-id=\"28a17797\" data-element_type=\"container\" data-settings=\"{&quot;ekit_has_onepagescroll_dot&quot;:&quot;yes&quot;}\">\n\t\t\t\t\t<div class=\"e-con-inner\">\n\t\t\t\t<div class=\"elementor-element elementor-element-1c58295b elementor-widget elementor-widget-heading\" data-id=\"1c58295b\" data-element_type=\"widget\" data-settings=\"{&quot;ekit_we_effect_on&quot;:&quot;none&quot;}\" data-widget_type=\"heading.default\">\n\t\t\t\t<div class=\"elementor-widget-container\">\n\t\t\t\t\t<h2 class=\"elementor-heading-title elementor-size-default\">\nWichtige Informationen<\/h2>\t\t\t\t<\/div>\n\t\t\t\t<\/div>\n\t\t\t\t<div class=\"elementor-element elementor-element-1bca9ae8 elementor-widget elementor-widget-text-editor\" data-id=\"1bca9ae8\" data-element_type=\"widget\" data-settings=\"{&quot;ekit_we_effect_on&quot;:&quot;none&quot;}\" data-widget_type=\"text-editor.default\">\n\t\t\t\t<div class=\"elementor-widget-container\">\n\t\t\t\t\t\t\t\t\t<h4>Warnhinweise<\/h4>\t\t\t\t\t\t\t\t<\/div>\n\t\t\t\t<\/div>\n\t\t\t\t<div class=\"elementor-element elementor-element-c169893 elementor-widget elementor-widget-text-editor\" data-id=\"c169893\" data-element_type=\"widget\" data-settings=\"{&quot;ekit_we_effect_on&quot;:&quot;none&quot;}\" data-widget_type=\"text-editor.default\">\n\t\t\t\t<div class=\"elementor-widget-container\">\n\t\t\t\t\t\t\t\t\t<p>Die angegebene t\u00e4gliche Verzehrmenge darf nicht \u00fcberschritten werden. Nahrungserg\u00e4nzungsmittel sind kein Ersatz f\u00fcr eine ausgewogene und abwechslungsreiche Ern\u00e4hrung sowie gesunde Lebensweise. Au\u00dferhalb der Reichweite von kleinen Kindern lagern. Trocken, verschlossen, vor Licht und W\u00e4rme gesch\u00fctzt lagern. Nach dem \u00d6ffnen innerhalb von 3 Monaten verbrauchen.<\/p>\t\t\t\t\t\t\t\t<\/div>\n\t\t\t\t<\/div>\n\t\t\t\t<div class=\"elementor-element elementor-element-7b1b56af elementor-widget elementor-widget-text-editor\" data-id=\"7b1b56af\" data-element_type=\"widget\" data-settings=\"{&quot;ekit_we_effect_on&quot;:&quot;none&quot;}\" data-widget_type=\"text-editor.default\">\n\t\t\t\t<div class=\"elementor-widget-container\">\n\t\t\t\t\t\t\t\t\t<h4>Bestandteile<\/h4>\t\t\t\t\t\t\t\t<\/div>\n\t\t\t\t<\/div>\n\t\t\t\t<div class=\"elementor-element elementor-element-4faff9fe elementor-widget elementor-widget-text-editor\" data-id=\"4faff9fe\" data-element_type=\"widget\" data-settings=\"{&quot;ekit_we_effect_on&quot;:&quot;none&quot;}\" data-widget_type=\"text-editor.default\">\n\t\t\t\t<div class=\"elementor-widget-container\">\n\t\t\t\t\t\t\t\t\t<p>Inulin, Keksst\u00fcckchen 26 % (WEIZENmehl, Zucker, Palmfett, Glucose-Fructose-Sirup, Quinoamehl, Bourbon Vanille-Extrakt, Backtriebmittel (Ammoniumhydrogencarbonat, Natriumhydrogencarbonat), Salz), Aroma, Heidelbeerpulver 4 %, S\u00fc\u00dfungsmittel (Sucralose, Steviolglycoside aus Stevia), Salz, Laktase, Trennmittel (Siliciumdioxid).<\/p>\t\t\t\t\t\t\t\t<\/div>\n\t\t\t\t<\/div>\n\t\t\t\t<div class=\"elementor-element elementor-element-1ceaa93e elementor-widget elementor-widget-text-editor\" data-id=\"1ceaa93e\" data-element_type=\"widget\" data-settings=\"{&quot;ekit_we_effect_on&quot;:&quot;none&quot;}\" data-widget_type=\"text-editor.default\">\n\t\t\t\t<div class=\"elementor-widget-container\">\n\t\t\t\t\t\t\t\t\t<h4>Gebrauchsanweisung<\/h4>\t\t\t\t\t\t\t\t<\/div>\n\t\t\t\t<\/div>\n\t\t\t\t<div class=\"elementor-element elementor-element-1869bd80 elementor-widget elementor-widget-text-editor\" data-id=\"1869bd80\" data-element_type=\"widget\" data-settings=\"{&quot;ekit_we_effect_on&quot;:&quot;none&quot;}\" data-widget_type=\"text-editor.default\">\n\t\t\t\t<div class=\"elementor-widget-container\">\n\t\t\t\t\t\t\t\t\t<div id=\"importantInformation_feature_div\" class=\"celwidget\" data-feature-name=\"importantInformation\" data-csa-c-type=\"widget\" data-csa-c-content-id=\"importantInformation\" data-csa-c-slot-id=\"importantInformation_feature_div\" data-csa-c-asin=\"\" data-csa-c-is-in-initial-active-row=\"false\" data-csa-c-id=\"fxd29a-78bxoo-vvsffp-h23dfz\" data-cel-widget=\"importantInformation_feature_div\"><div id=\"important-information\" class=\"a-section a-spacing-extra-large bucket\"><div class=\"a-section content\"><p>W\u00e4hle eine Geschmacksrichtung aus, r\u00fchre sie in dein Gericht ein, mixe oder streue sie und genie\u00dfe - so einfach und so lecker.<\/p><\/div><\/div><\/div>\t\t\t\t\t\t\t\t<\/div>\n\t\t\t\t<\/div>\n\t\t\t\t\t<\/div>\n\t\t\t\t<\/div>\n\t\t<div class=\"elementor-element elementor-element-3e98824f e-flex e-con-boxed e-con e-parent\" data-id=\"3e98824f\" data-element_type=\"container\" data-settings=\"{&quot;ekit_has_onepagescroll_dot&quot;:&quot;yes&quot;}\">\n\t\t\t\t\t<div class=\"e-con-inner\">\n\t\t<div class=\"elementor-element elementor-element-7b45692d e-grid e-con-full e-con e-child\" data-id=\"7b45692d\" data-element_type=\"container\" data-settings=\"{&quot;ekit_has_onepagescroll_dot&quot;:&quot;yes&quot;}\">\n\t\t\t\t<div class=\"elementor-element elementor-element-63046790 elementor-position-top elementor-widget elementor-widget-image-box\" data-id=\"63046790\" data-element_type=\"widget\" data-settings=\"{&quot;ekit_we_effect_on&quot;:&quot;none&quot;}\" data-widget_type=\"image-box.default\">\n\t\t\t\t<div class=\"elementor-widget-container\">\n\t\t\t\t\t<div class=\"elementor-image-box-wrapper\"><figure class=\"elementor-image-box-img\"><img loading=\"lazy\" decoding=\"async\" width=\"1200\" height=\"1200\" src=\"https:\/\/uniqueplace.shop\/wp-content\/uploads\/2026\/03\/1500x1500_PDP_Slider_Chunky_Flavour_02-2xrTl9m.webp\" class=\"attachment-full size-full wp-image-14564 wvs-archive-product-image\" alt=\"\" srcset=\"https:\/\/uniqueplace.shop\/wp-content\/uploads\/2026\/03\/1500x1500_PDP_Slider_Chunky_Flavour_02-2xrTl9m.webp 1200w, https:\/\/uniqueplace.shop\/wp-content\/uploads\/2026\/03\/1500x1500_PDP_Slider_Chunky_Flavour_02-2xrTl9m-300x300.webp 300w, https:\/\/uniqueplace.shop\/wp-content\/uploads\/2026\/03\/1500x1500_PDP_Slider_Chunky_Flavour_02-2xrTl9m-1024x1024.webp 1024w, https:\/\/uniqueplace.shop\/wp-content\/uploads\/2026\/03\/1500x1500_PDP_Slider_Chunky_Flavour_02-2xrTl9m-150x150.webp 150w, https:\/\/uniqueplace.shop\/wp-content\/uploads\/2026\/03\/1500x1500_PDP_Slider_Chunky_Flavour_02-2xrTl9m-768x768.webp 768w, https:\/\/uniqueplace.shop\/wp-content\/uploads\/2026\/03\/1500x1500_PDP_Slider_Chunky_Flavour_02-2xrTl9m-12x12.webp 12w, https:\/\/uniqueplace.shop\/wp-content\/uploads\/2026\/03\/1500x1500_PDP_Slider_Chunky_Flavour_02-2xrTl9m-600x600.webp 600w, https:\/\/uniqueplace.shop\/wp-content\/uploads\/2026\/03\/1500x1500_PDP_Slider_Chunky_Flavour_02-2xrTl9m-100x100.webp 100w, https:\/\/uniqueplace.shop\/wp-content\/uploads\/2026\/03\/1500x1500_PDP_Slider_Chunky_Flavour_02-2xrTl9m-50x50.webp 50w, https:\/\/uniqueplace.shop\/wp-content\/uploads\/2026\/03\/1500x1500_PDP_Slider_Chunky_Flavour_02-2xrTl9m-1x1.webp 1w, https:\/\/uniqueplace.shop\/wp-content\/uploads\/2026\/03\/1500x1500_PDP_Slider_Chunky_Flavour_02-2xrTl9m-10x10.webp 10w\" sizes=\"auto, (max-width: 1200px) 100vw, 1200px\" \/><\/figure><div class=\"elementor-image-box-content\"><h3 class=\"elementor-image-box-title\">Maximaler Geschmack bei minimalem Zucker<\/h3><p class=\"elementor-image-box-description\">Du liebst den vollen, intensiven Geschmack von S\u00fc\u00dfspeisen und Getr\u00e4nken, m\u00f6chtest aber Zucker sparen? Unser s\u00fc\u00dfes Aromapulver liefert genau das: eine konzentrierte Geschmacksintensit\u00e4t, die selbst kleinste Mengen zur Entfaltung bringt. <\/p><\/div><\/div>\t\t\t\t<\/div>\n\t\t\t\t<\/div>\n\t\t\t\t<div class=\"elementor-element elementor-element-19a35a13 elementor-position-top elementor-widget elementor-widget-image-box\" data-id=\"19a35a13\" data-element_type=\"widget\" data-settings=\"{&quot;ekit_we_effect_on&quot;:&quot;none&quot;}\" data-widget_type=\"image-box.default\">\n\t\t\t\t<div class=\"elementor-widget-container\">\n\t\t\t\t\t<div class=\"elementor-image-box-wrapper\"><figure class=\"elementor-image-box-img\"><img loading=\"lazy\" decoding=\"async\" width=\"1200\" height=\"1200\" src=\"https:\/\/uniqueplace.shop\/wp-content\/uploads\/2026\/03\/1500x1500_PDP_Slider_Chunky_Flavour_03-sgJOc8iN.webp\" class=\"attachment-full size-full wp-image-14565 wvs-archive-product-image\" alt=\"\" srcset=\"https:\/\/uniqueplace.shop\/wp-content\/uploads\/2026\/03\/1500x1500_PDP_Slider_Chunky_Flavour_03-sgJOc8iN.webp 1200w, https:\/\/uniqueplace.shop\/wp-content\/uploads\/2026\/03\/1500x1500_PDP_Slider_Chunky_Flavour_03-sgJOc8iN-300x300.webp 300w, https:\/\/uniqueplace.shop\/wp-content\/uploads\/2026\/03\/1500x1500_PDP_Slider_Chunky_Flavour_03-sgJOc8iN-1024x1024.webp 1024w, https:\/\/uniqueplace.shop\/wp-content\/uploads\/2026\/03\/1500x1500_PDP_Slider_Chunky_Flavour_03-sgJOc8iN-150x150.webp 150w, https:\/\/uniqueplace.shop\/wp-content\/uploads\/2026\/03\/1500x1500_PDP_Slider_Chunky_Flavour_03-sgJOc8iN-768x768.webp 768w, https:\/\/uniqueplace.shop\/wp-content\/uploads\/2026\/03\/1500x1500_PDP_Slider_Chunky_Flavour_03-sgJOc8iN-12x12.webp 12w, https:\/\/uniqueplace.shop\/wp-content\/uploads\/2026\/03\/1500x1500_PDP_Slider_Chunky_Flavour_03-sgJOc8iN-600x600.webp 600w, https:\/\/uniqueplace.shop\/wp-content\/uploads\/2026\/03\/1500x1500_PDP_Slider_Chunky_Flavour_03-sgJOc8iN-100x100.webp 100w, https:\/\/uniqueplace.shop\/wp-content\/uploads\/2026\/03\/1500x1500_PDP_Slider_Chunky_Flavour_03-sgJOc8iN-50x50.webp 50w, https:\/\/uniqueplace.shop\/wp-content\/uploads\/2026\/03\/1500x1500_PDP_Slider_Chunky_Flavour_03-sgJOc8iN-1x1.webp 1w, https:\/\/uniqueplace.shop\/wp-content\/uploads\/2026\/03\/1500x1500_PDP_Slider_Chunky_Flavour_03-sgJOc8iN-10x10.webp 10w\" sizes=\"auto, (max-width: 1200px) 100vw, 1200px\" \/><\/figure><div class=\"elementor-image-box-content\"><h3 class=\"elementor-image-box-title\">Vielseitig wie kein Zweiter<\/h3><p class=\"elementor-image-box-description\">Ob im morgendlichen Kaffee, im Proteinshake, \u00fcber frischem Obst oder in deinem Lieblingsdessert - das Aromapulver ist ein echter Allrounder. Es l\u00f6st sich m\u00fchelos auf, egal ob in kalten oder hei\u00dfen Speisen, und entfaltet dabei stets sein volles, rundes S\u00fc\u00dfearoma. So kannst du ganz einfach jeden Snack in einen genussvollen Moment verwandeln.<\/p><\/div><\/div>\t\t\t\t<\/div>\n\t\t\t\t<\/div>\n\t\t\t\t<div class=\"elementor-element elementor-element-283842da elementor-position-top elementor-widget elementor-widget-image-box\" data-id=\"283842da\" data-element_type=\"widget\" data-settings=\"{&quot;ekit_we_effect_on&quot;:&quot;none&quot;}\" data-widget_type=\"image-box.default\">\n\t\t\t\t<div class=\"elementor-widget-container\">\n\t\t\t\t\t<div class=\"elementor-image-box-wrapper\"><figure class=\"elementor-image-box-img\"><img loading=\"lazy\" decoding=\"async\" width=\"1200\" height=\"1200\" src=\"https:\/\/uniqueplace.shop\/wp-content\/uploads\/2026\/03\/1500x1500_PDP_Slider_Chunky_Flavour_01-ULcABi0Z.webp\" class=\"attachment-full size-full wp-image-14566 wvs-archive-product-image\" alt=\"\" srcset=\"https:\/\/uniqueplace.shop\/wp-content\/uploads\/2026\/03\/1500x1500_PDP_Slider_Chunky_Flavour_01-ULcABi0Z.webp 1200w, https:\/\/uniqueplace.shop\/wp-content\/uploads\/2026\/03\/1500x1500_PDP_Slider_Chunky_Flavour_01-ULcABi0Z-300x300.webp 300w, https:\/\/uniqueplace.shop\/wp-content\/uploads\/2026\/03\/1500x1500_PDP_Slider_Chunky_Flavour_01-ULcABi0Z-1024x1024.webp 1024w, https:\/\/uniqueplace.shop\/wp-content\/uploads\/2026\/03\/1500x1500_PDP_Slider_Chunky_Flavour_01-ULcABi0Z-150x150.webp 150w, https:\/\/uniqueplace.shop\/wp-content\/uploads\/2026\/03\/1500x1500_PDP_Slider_Chunky_Flavour_01-ULcABi0Z-768x768.webp 768w, https:\/\/uniqueplace.shop\/wp-content\/uploads\/2026\/03\/1500x1500_PDP_Slider_Chunky_Flavour_01-ULcABi0Z-12x12.webp 12w, https:\/\/uniqueplace.shop\/wp-content\/uploads\/2026\/03\/1500x1500_PDP_Slider_Chunky_Flavour_01-ULcABi0Z-600x600.webp 600w, https:\/\/uniqueplace.shop\/wp-content\/uploads\/2026\/03\/1500x1500_PDP_Slider_Chunky_Flavour_01-ULcABi0Z-100x100.webp 100w, https:\/\/uniqueplace.shop\/wp-content\/uploads\/2026\/03\/1500x1500_PDP_Slider_Chunky_Flavour_01-ULcABi0Z-50x50.webp 50w, https:\/\/uniqueplace.shop\/wp-content\/uploads\/2026\/03\/1500x1500_PDP_Slider_Chunky_Flavour_01-ULcABi0Z-1x1.webp 1w, https:\/\/uniqueplace.shop\/wp-content\/uploads\/2026\/03\/1500x1500_PDP_Slider_Chunky_Flavour_01-ULcABi0Z-10x10.webp 10w\" sizes=\"auto, (max-width: 1200px) 100vw, 1200px\" \/><\/figure><div class=\"elementor-image-box-content\"><h3 class=\"elementor-image-box-title\">Clever s\u00fc\u00dfen, bewusst genie\u00dfen<\/h3><p class=\"elementor-image-box-description\">Mit unserem Aromapulver beh\u00e4ltst du die Kontrolle. Du entscheidest, wie s\u00fc\u00df es sein soll - ganz ohne Reue. Perfekt f\u00fcr alle, die sich zuckerbewusst ern\u00e4hren m\u00f6chten, ohne auf den intensiven Geschmack zu verzichten. Weniger Zucker bedeutet hier nicht weniger Genuss, sondern einfach die intelligentere Wahl.<\/p><\/div><\/div>\t\t\t\t<\/div>\n\t\t\t\t<\/div>\n\t\t\t\t<\/div>\n\t\t\t\t\t<\/div>\n\t\t\t\t<\/div>\n\t\t<div class=\"elementor-element elementor-element-804bf7d e-flex e-con-boxed e-con e-parent\" data-id=\"804bf7d\" data-element_type=\"container\" data-settings=\"{&quot;ekit_has_onepagescroll_dot&quot;:&quot;yes&quot;}\">\n\t\t\t\t\t<div class=\"e-con-inner\">\n\t\t\t\t<div class=\"elementor-element elementor-element-7a49da5b elementor-widget elementor-widget-image\" data-id=\"7a49da5b\" data-element_type=\"widget\" data-settings=\"{&quot;ekit_we_effect_on&quot;:&quot;none&quot;}\" data-widget_type=\"image.default\">\n\t\t\t\t<div class=\"elementor-widget-container\">\n\t\t\t\t\t\t\t\t\t\t\t\t\t\t\t<img loading=\"lazy\" decoding=\"async\" width=\"1024\" height=\"420\" src=\"https:\/\/uniqueplace.shop\/wp-content\/uploads\/2026\/03\/1-2-1024x420.png\" class=\"attachment-large size-large wp-image-14567 wvs-archive-product-image\" alt=\"\" srcset=\"https:\/\/uniqueplace.shop\/wp-content\/uploads\/2026\/03\/1-2-1024x420.png 1024w, https:\/\/uniqueplace.shop\/wp-content\/uploads\/2026\/03\/1-2-300x123.png 300w, https:\/\/uniqueplace.shop\/wp-content\/uploads\/2026\/03\/1-2-768x315.png 768w, https:\/\/uniqueplace.shop\/wp-content\/uploads\/2026\/03\/1-2-18x7.png 18w, https:\/\/uniqueplace.shop\/wp-content\/uploads\/2026\/03\/1-2-600x246.png 600w, https:\/\/uniqueplace.shop\/wp-content\/uploads\/2026\/03\/1-2-1x1.png 1w, https:\/\/uniqueplace.shop\/wp-content\/uploads\/2026\/03\/1-2-10x4.png 10w, https:\/\/uniqueplace.shop\/wp-content\/uploads\/2026\/03\/1-2.png 1464w\" sizes=\"auto, (max-width: 1024px) 100vw, 1024px\" \/>\t\t\t\t\t\t\t\t\t\t\t\t\t\t\t<\/div>\n\t\t\t\t<\/div>\n\t\t\t\t<div class=\"elementor-element elementor-element-134d88f2 elementor-widget elementor-widget-image\" data-id=\"134d88f2\" data-element_type=\"widget\" data-settings=\"{&quot;ekit_we_effect_on&quot;:&quot;none&quot;}\" data-widget_type=\"image.default\">\n\t\t\t\t<div class=\"elementor-widget-container\">\n\t\t\t\t\t\t\t\t\t\t\t\t\t\t\t<img loading=\"lazy\" decoding=\"async\" width=\"1024\" height=\"420\" src=\"https:\/\/uniqueplace.shop\/wp-content\/uploads\/2026\/03\/2-19-1024x420.jpg\" class=\"attachment-large size-large wp-image-14568 wvs-archive-product-image\" alt=\"\" srcset=\"https:\/\/uniqueplace.shop\/wp-content\/uploads\/2026\/03\/2-19-1024x420.jpg 1024w, https:\/\/uniqueplace.shop\/wp-content\/uploads\/2026\/03\/2-19-300x123.jpg 300w, https:\/\/uniqueplace.shop\/wp-content\/uploads\/2026\/03\/2-19-768x315.jpg 768w, https:\/\/uniqueplace.shop\/wp-content\/uploads\/2026\/03\/2-19-18x7.jpg 18w, https:\/\/uniqueplace.shop\/wp-content\/uploads\/2026\/03\/2-19-600x246.jpg 600w, https:\/\/uniqueplace.shop\/wp-content\/uploads\/2026\/03\/2-19-1x1.jpg 1w, https:\/\/uniqueplace.shop\/wp-content\/uploads\/2026\/03\/2-19-10x4.jpg 10w, https:\/\/uniqueplace.shop\/wp-content\/uploads\/2026\/03\/2-19.jpg 1464w\" sizes=\"auto, (max-width: 1024px) 100vw, 1024px\" \/>\t\t\t\t\t\t\t\t\t\t\t\t\t\t\t<\/div>\n\t\t\t\t<\/div>\n\t\t\t\t<div class=\"elementor-element elementor-element-384b9488 elementor-widget elementor-widget-image\" data-id=\"384b9488\" data-element_type=\"widget\" data-settings=\"{&quot;ekit_we_effect_on&quot;:&quot;none&quot;}\" data-widget_type=\"image.default\">\n\t\t\t\t<div class=\"elementor-widget-container\">\n\t\t\t\t\t\t\t\t\t\t\t\t\t\t\t<img loading=\"lazy\" decoding=\"async\" width=\"1024\" height=\"420\" src=\"https:\/\/uniqueplace.shop\/wp-content\/uploads\/2026\/03\/3-20-1024x420.jpg\" class=\"attachment-large size-large wp-image-14569 wvs-archive-product-image\" alt=\"\" srcset=\"https:\/\/uniqueplace.shop\/wp-content\/uploads\/2026\/03\/3-20-1024x420.jpg 1024w, https:\/\/uniqueplace.shop\/wp-content\/uploads\/2026\/03\/3-20-300x123.jpg 300w, https:\/\/uniqueplace.shop\/wp-content\/uploads\/2026\/03\/3-20-768x315.jpg 768w, https:\/\/uniqueplace.shop\/wp-content\/uploads\/2026\/03\/3-20-18x7.jpg 18w, https:\/\/uniqueplace.shop\/wp-content\/uploads\/2026\/03\/3-20-600x246.jpg 600w, https:\/\/uniqueplace.shop\/wp-content\/uploads\/2026\/03\/3-20-1x1.jpg 1w, https:\/\/uniqueplace.shop\/wp-content\/uploads\/2026\/03\/3-20-10x4.jpg 10w, https:\/\/uniqueplace.shop\/wp-content\/uploads\/2026\/03\/3-20.jpg 1464w\" sizes=\"auto, (max-width: 1024px) 100vw, 1024px\" \/>\t\t\t\t\t\t\t\t\t\t\t\t\t\t\t<\/div>\n\t\t\t\t<\/div>\n\t\t\t\t\t<\/div>\n\t\t\t\t<\/div>\n\t\t\t\t<\/div>","protected":false},"excerpt":{"rendered":"<h1 class=\"a-size-base-plus a-text-bold\">Informationen zu diesem Artikel<\/h1>\n<ul class=\"a-unordered-list a-vertical a-spacing-mini\">\n<li class=\"a-spacing-mini\"><span class=\"a-list-item\">VIELSEITIG EINSETZBAR: Egal, ob Quark, Joghurt, Porridge, Proteinshake, Pfannkuchen, Dessert oder Kaffee - das Chunky Flavour bringt vollen Geschmack und Abwechslung in jedes Gericht und Getr\u00e4nk<\/span><\/li>\n<li class=\"a-spacing-mini\"><span class=\"a-list-item\">VIELE VORZ\u00dcGE: Mit nur 6 bis 12 kcal pro Portion\u00b9 (3 g Pulver) ist das Geschmackspulver mit Inulin perfekt f\u00fcr einen bewussten Lebensstil<\/span><\/li>\n<li class=\"a-spacing-mini\"><span class=\"a-list-item\">VOLLER GESCHMACK: In jeder Geschmacksrichtung sind passend ausgew\u00e4hlte St\u00fcckchen enthalten, die zusammen mit dem Inulin f\u00fcr eine Geschmackssensation und besondere Cremigkeit z.B. im Skyr sorgen.<\/span><\/li>\n<li class=\"a-spacing-mini\"><span class=\"a-list-item\">EINFACH ZUBEREITET: Eine Geschmackssorte ausw\u00e4hlen, in dein Gericht einr\u00fchren, mixen oder streuen und genie\u00dfen - so einfach und so lecker<\/span><\/li>\n<\/ul>","protected":false},"featured_media":14548,"comment_status":"open","ping_status":"closed","template":"","meta":{"_acf_changed":false},"etheme_brands":[],"product_brand":[],"product_cat":[118],"product_tag":[],"class_list":{"0":"post-14542","1":"product","2":"type-product","3":"status-publish","4":"has-post-thumbnail","6":"product_cat-sale-shop","8":"first","9":"instock","10":"sale","11":"shipping-taxable","12":"purchasable","13":"product-type-variable","14":"has-default-attributes","15":"wvs-archive-product-wrapper"},"acf":[],"_links":{"self":[{"href":"https:\/\/uniqueplace.shop\/de\/wp-json\/wp\/v2\/product\/14542","targetHints":{"allow":["GET"]}}],"collection":[{"href":"https:\/\/uniqueplace.shop\/de\/wp-json\/wp\/v2\/product"}],"about":[{"href":"https:\/\/uniqueplace.shop\/de\/wp-json\/wp\/v2\/types\/product"}],"replies":[{"embeddable":true,"href":"https:\/\/uniqueplace.shop\/de\/wp-json\/wp\/v2\/comments?post=14542"}],"version-history":[{"count":4,"href":"https:\/\/uniqueplace.shop\/de\/wp-json\/wp\/v2\/product\/14542\/revisions"}],"predecessor-version":[{"id":14577,"href":"https:\/\/uniqueplace.shop\/de\/wp-json\/wp\/v2\/product\/14542\/revisions\/14577"}],"wp:featuredmedia":[{"embeddable":true,"href":"https:\/\/uniqueplace.shop\/de\/wp-json\/wp\/v2\/media\/14548"}],"wp:attachment":[{"href":"https:\/\/uniqueplace.shop\/de\/wp-json\/wp\/v2\/media?parent=14542"}],"wp:term":[{"taxonomy":"brand","embeddable":true,"href":"https:\/\/uniqueplace.shop\/de\/wp-json\/wp\/v2\/etheme_brands?post=14542"},{"taxonomy":"product_brand","embeddable":true,"href":"https:\/\/uniqueplace.shop\/de\/wp-json\/wp\/v2\/product_brand?post=14542"},{"taxonomy":"product_cat","embeddable":true,"href":"https:\/\/uniqueplace.shop\/de\/wp-json\/wp\/v2\/product_cat?post=14542"},{"taxonomy":"product_tag","embeddable":true,"href":"https:\/\/uniqueplace.shop\/de\/wp-json\/wp\/v2\/product_tag?post=14542"}],"curies":[{"name":"wp","href":"https:\/\/api.w.org\/{rel}","templated":true}]}}